{"id":277,"date":"2020-08-11T12:26:22","date_gmt":"2020-08-11T12:26:22","guid":{"rendered":"https:\/\/maspepito.com\/?product=blue-comfy-fabric-chair"},"modified":"2020-08-11T12:26:22","modified_gmt":"2020-08-11T12:26:22","slug":"blue-comfy-fabric-chair","status":"publish","type":"product","link":"https:\/\/maspepito.com\/en\/product\/blue-comfy-fabric-chair\/","title":{"rendered":"Blue Comfy Fabric Chair"},"content":{"rendered":"<p>Nam nec tellus a odio tincidunt auctor a ornare odio. Sed non mauris vitae erat consequat auctor eu in elit. Class aptent taciti sociosqu ad litora torquent per conubia nostra, per inceptos himenaeos. Mauris in erat justo. Nullam ac urna eu felis dapibus condimentum sit amet a augue. Sed non neque elit sed.<\/p>","protected":false},"excerpt":{"rendered":"<p>Habitasse eaque wisi molestie, mollis pharetra convallis exercitation, distinctio eu arcu fugit nibh donec exercitationem, quisque imperdiet mattis proident cupiditate habitant assumenda.<\/p>","protected":false},"featured_media":295,"comment_status":"open","ping_status":"closed","template":"","meta":{"site-sidebar-layout":"default","site-content-layout":"default","ast-global-header-display":"","ast-banner-title-visibility":"","ast-main-header-display":"","ast-hfb-above-header-display":"","ast-hfb-below-header-display":"","ast-hfb-mobile-header-display":"","site-post-title":"","ast-breadcrumbs-content":"","ast-featured-img":"","footer-sml-layout":"","theme-transparent-header-meta":"default","adv-header-id-meta":"","stick-header-meta":"","header-above-stick-meta":"","header-main-stick-meta":"","header-below-stick-meta":"","_joinchat":[]},"product_cat":[18],"product_tag":[],"yoast_head":"<!-- This site is optimized with the Yoast SEO plugin v21.7 - https:\/\/yoast.com\/wordpress\/plugins\/seo\/ -->\n<title>Blue Comfy Fabric Chair - M\u00e1s Pepito<\/title>\n<meta name=\"robots\" content=\"index, follow, max-snippet:-1, max-image-preview:large, max-video-preview:-1\" \/>\n<link rel=\"canonical\" href=\"https:\/\/maspepito.com\/en\/product\/blue-comfy-fabric-chair\/\" \/>\n<meta property=\"og:locale\" content=\"en_US\" \/>\n<meta property=\"og:type\" content=\"article\" \/>\n<meta property=\"og:title\" content=\"Blue Comfy Fabric Chair - M\u00e1s Pepito\" \/>\n<meta property=\"og:description\" content=\"Habitasse eaque wisi molestie, mollis pharetra convallis exercitation, distinctio eu arcu fugit nibh donec exercitationem, quisque imperdiet mattis proident cupiditate habitant assumenda.\" \/>\n<meta property=\"og:url\" content=\"https:\/\/maspepito.com\/en\/product\/blue-comfy-fabric-chair\/\" \/>\n<meta property=\"og:site_name\" content=\"M\u00e1s Pepito\" \/>\n<meta property=\"og:image\" content=\"https:\/\/maspepito.com\/wp-content\/uploads\/2020\/08\/single-blue-fabric-chair-1.png\" \/>\n\t<meta property=\"og:image:width\" content=\"600\" \/>\n\t<meta property=\"og:image:height\" content=\"600\" \/>\n\t<meta property=\"og:image:type\" content=\"image\/png\" \/>\n<meta name=\"twitter:card\" content=\"summary_large_image\" \/>\n<script type=\"application\/ld+json\" class=\"yoast-schema-graph\">{\"@context\":\"https:\/\/schema.org\",\"@graph\":[{\"@type\":\"WebPage\",\"@id\":\"https:\/\/maspepito.com\/producto\/blue-comfy-fabric-chair\/\",\"url\":\"https:\/\/maspepito.com\/producto\/blue-comfy-fabric-chair\/\",\"name\":\"Blue Comfy Fabric Chair - M\u00e1s Pepito\",\"isPartOf\":{\"@id\":\"https:\/\/maspepito.com\/#website\"},\"datePublished\":\"2020-08-11T12:26:22+00:00\",\"dateModified\":\"2020-08-11T12:26:22+00:00\",\"breadcrumb\":{\"@id\":\"https:\/\/maspepito.com\/producto\/blue-comfy-fabric-chair\/#breadcrumb\"},\"inLanguage\":\"en-US\",\"potentialAction\":[{\"@type\":\"ReadAction\",\"target\":[\"https:\/\/maspepito.com\/producto\/blue-comfy-fabric-chair\/\"]}]},{\"@type\":\"BreadcrumbList\",\"@id\":\"https:\/\/maspepito.com\/producto\/blue-comfy-fabric-chair\/#breadcrumb\",\"itemListElement\":[{\"@type\":\"ListItem\",\"position\":1,\"name\":\"Portada\",\"item\":\"https:\/\/maspepito.com\/\"},{\"@type\":\"ListItem\",\"position\":2,\"name\":\"Tienda\",\"item\":\"https:\/\/maspepito.com\/?page_id=217\"},{\"@type\":\"ListItem\",\"position\":3,\"name\":\"Blue Comfy Fabric Chair\"}]},{\"@type\":\"WebSite\",\"@id\":\"https:\/\/maspepito.com\/#website\",\"url\":\"https:\/\/maspepito.com\/\",\"name\":\"M\u00e1s Pepito\",\"description\":\"Espacios \u00fanicos para experiencias incre\u00edbles.\",\"publisher\":{\"@id\":\"https:\/\/maspepito.com\/#organization\"},\"potentialAction\":[{\"@type\":\"SearchAction\",\"target\":{\"@type\":\"EntryPoint\",\"urlTemplate\":\"https:\/\/maspepito.com\/?s={search_term_string}\"},\"query-input\":\"required name=search_term_string\"}],\"inLanguage\":\"en-US\"},{\"@type\":\"Organization\",\"@id\":\"https:\/\/maspepito.com\/#organization\",\"name\":\"M\u00e1s Pepito\",\"url\":\"https:\/\/maspepito.com\/\",\"logo\":{\"@type\":\"ImageObject\",\"inLanguage\":\"en-US\",\"@id\":\"https:\/\/maspepito.com\/#\/schema\/logo\/image\/\",\"url\":\"https:\/\/maspepito.com\/wp-content\/uploads\/2023\/07\/logo-maspepito-negro-e1688626807851.png\",\"contentUrl\":\"https:\/\/maspepito.com\/wp-content\/uploads\/2023\/07\/logo-maspepito-negro-e1688626807851.png\",\"width\":382,\"height\":102,\"caption\":\"M\u00e1s Pepito\"},\"image\":{\"@id\":\"https:\/\/maspepito.com\/#\/schema\/logo\/image\/\"}}]}<\/script>\n<!-- \/ Yoast SEO plugin. -->","yoast_head_json":{"title":"Blue Comfy Fabric Chair - M\u00e1s Pepito","robots":{"index":"index","follow":"follow","max-snippet":"max-snippet:-1","max-image-preview":"max-image-preview:large","max-video-preview":"max-video-preview:-1"},"canonical":"https:\/\/maspepito.com\/en\/product\/blue-comfy-fabric-chair\/","og_locale":"en_US","og_type":"article","og_title":"Blue Comfy Fabric Chair - M\u00e1s Pepito","og_description":"Habitasse eaque wisi molestie, mollis pharetra convallis exercitation, distinctio eu arcu fugit nibh donec exercitationem, quisque imperdiet mattis proident cupiditate habitant assumenda.","og_url":"https:\/\/maspepito.com\/en\/product\/blue-comfy-fabric-chair\/","og_site_name":"M\u00e1s Pepito","og_image":[{"width":600,"height":600,"url":"https:\/\/maspepito.com\/wp-content\/uploads\/2020\/08\/single-blue-fabric-chair-1.png","type":"image\/png"}],"twitter_card":"summary_large_image","schema":{"@context":"https:\/\/schema.org","@graph":[{"@type":"WebPage","@id":"https:\/\/maspepito.com\/producto\/blue-comfy-fabric-chair\/","url":"https:\/\/maspepito.com\/producto\/blue-comfy-fabric-chair\/","name":"Blue Comfy Fabric Chair - M\u00e1s Pepito","isPartOf":{"@id":"https:\/\/maspepito.com\/#website"},"datePublished":"2020-08-11T12:26:22+00:00","dateModified":"2020-08-11T12:26:22+00:00","breadcrumb":{"@id":"https:\/\/maspepito.com\/producto\/blue-comfy-fabric-chair\/#breadcrumb"},"inLanguage":"en-US","potentialAction":[{"@type":"ReadAction","target":["https:\/\/maspepito.com\/producto\/blue-comfy-fabric-chair\/"]}]},{"@type":"BreadcrumbList","@id":"https:\/\/maspepito.com\/producto\/blue-comfy-fabric-chair\/#breadcrumb","itemListElement":[{"@type":"ListItem","position":1,"name":"Portada","item":"https:\/\/maspepito.com\/"},{"@type":"ListItem","position":2,"name":"Tienda","item":"https:\/\/maspepito.com\/?page_id=217"},{"@type":"ListItem","position":3,"name":"Blue Comfy Fabric Chair"}]},{"@type":"WebSite","@id":"https:\/\/maspepito.com\/#website","url":"https:\/\/maspepito.com\/","name":"M\u00e1s Pepito","description":"Espacios \u00fanicos para experiencias incre\u00edbles.","publisher":{"@id":"https:\/\/maspepito.com\/#organization"},"potentialAction":[{"@type":"SearchAction","target":{"@type":"EntryPoint","urlTemplate":"https:\/\/maspepito.com\/?s={search_term_string}"},"query-input":"required name=search_term_string"}],"inLanguage":"en-US"},{"@type":"Organization","@id":"https:\/\/maspepito.com\/#organization","name":"M\u00e1s Pepito","url":"https:\/\/maspepito.com\/","logo":{"@type":"ImageObject","inLanguage":"en-US","@id":"https:\/\/maspepito.com\/#\/schema\/logo\/image\/","url":"https:\/\/maspepito.com\/wp-content\/uploads\/2023\/07\/logo-maspepito-negro-e1688626807851.png","contentUrl":"https:\/\/maspepito.com\/wp-content\/uploads\/2023\/07\/logo-maspepito-negro-e1688626807851.png","width":382,"height":102,"caption":"M\u00e1s Pepito"},"image":{"@id":"https:\/\/maspepito.com\/#\/schema\/logo\/image\/"}}]}},"_links":{"self":[{"href":"https:\/\/maspepito.com\/en\/wp-json\/wp\/v2\/product\/277"}],"collection":[{"href":"https:\/\/maspepito.com\/en\/wp-json\/wp\/v2\/product"}],"about":[{"href":"https:\/\/maspepito.com\/en\/wp-json\/wp\/v2\/types\/product"}],"replies":[{"embeddable":true,"href":"https:\/\/maspepito.com\/en\/wp-json\/wp\/v2\/comments?post=277"}],"wp:featuredmedia":[{"embeddable":true,"href":"https:\/\/maspepito.com\/en\/wp-json\/wp\/v2\/media\/295"}],"wp:attachment":[{"href":"https:\/\/maspepito.com\/en\/wp-json\/wp\/v2\/media?parent=277"}],"wp:term":[{"taxonomy":"product_cat","embeddable":true,"href":"https:\/\/maspepito.com\/en\/wp-json\/wp\/v2\/product_cat?post=277"},{"taxonomy":"product_tag","embeddable":true,"href":"https:\/\/maspepito.com\/en\/wp-json\/wp\/v2\/product_tag?post=277"}],"curies":[{"name":"wp","href":"https:\/\/api.w.org\/{rel}","templated":true}]}}