{"id":417,"date":"2020-08-10T03:29:26","date_gmt":"2020-08-10T03:29:26","guid":{"rendered":"https:\/\/maspepito.com\/?page_id=417"},"modified":"2023-07-18T10:57:07","modified_gmt":"2023-07-18T08:57:07","slug":"inicio","status":"publish","type":"page","link":"https:\/\/maspepito.com\/en\/","title":{"rendered":"Inicio"},"content":{"rendered":"<div data-elementor-type=\"wp-page\" data-elementor-id=\"417\" class=\"elementor elementor-417\" data-elementor-post-type=\"page\">\n\t\t\t\t\t\t<section class=\"elementor-section elementor-top-section elementor-element elementor-element-9a5e0fd elementor-section-full_width elementor-section-height-min-height elementor-section-items-top elementor-section-height-default\" data-id=\"9a5e0fd\" data-element_type=\"section\">\n\t\t\t\t\t\t<div class=\"elementor-container elementor-column-gap-default\">\n\t\t\t\t\t<div class=\"elementor-column elementor-col-100 elementor-top-column elementor-element elementor-element-500741e\" data-id=\"500741e\" data-element_type=\"column\" data-settings=\"{&quot;background_background&quot;:&quot;slideshow&quot;,&quot;background_slideshow_gallery&quot;:[],&quot;background_slideshow_loop&quot;:&quot;yes&quot;,&quot;background_slideshow_slide_duration&quot;:5000,&quot;background_slideshow_slide_transition&quot;:&quot;fade&quot;,&quot;background_slideshow_transition_duration&quot;:500}\">\n\t\t\t<div class=\"elementor-widget-wrap elementor-element-populated\">\n\t\t\t\t\t\t<div class=\"elementor-element elementor-element-a060ac4 elementor-hidden-desktop elementor-hidden-laptop elementor-widget elementor-widget-image\" data-id=\"a060ac4\" data-element_type=\"widget\" data-widget_type=\"image.default\">\n\t\t\t\t<div class=\"elementor-widget-container\">\n\t\t\t<style>\/*! elementor - v3.19.0 - 07-02-2024 *\/\n.elementor-widget-image{text-align:center}.elementor-widget-image a{display:inline-block}.elementor-widget-image a img[src$=\".svg\"]{width:48px}.elementor-widget-image img{vertical-align:middle;display:inline-block}<\/style>\t\t\t\t\t\t\t\t\t\t<img fetchpriority=\"high\" decoding=\"async\" width=\"591\" height=\"886\" src=\"https:\/\/maspepito.com\/wp-content\/uploads\/2023\/07\/detalles_05_078.jpg\" class=\"attachment-full size-full wp-image-990\" alt=\"\" srcset=\"https:\/\/maspepito.com\/wp-content\/uploads\/2023\/07\/detalles_05_078.jpg 591w, https:\/\/maspepito.com\/wp-content\/uploads\/2023\/07\/detalles_05_078-200x300.jpg 200w\" sizes=\"(max-width: 591px) 100vw, 591px\" \/>\t\t\t\t\t\t\t\t\t\t\t\t\t<\/div>\n\t\t\t\t<\/div>\n\t\t\t\t<div class=\"elementor-element elementor-element-07e707f elementor-hidden-tablet elementor-hidden-mobile elementor-widget elementor-widget-image\" data-id=\"07e707f\" data-element_type=\"widget\" data-widget_type=\"image.default\">\n\t\t\t\t<div class=\"elementor-widget-container\">\n\t\t\t\t\t\t\t\t\t\t\t\t\t<img decoding=\"async\" width=\"1772\" height=\"916\" src=\"https:\/\/maspepito.com\/wp-content\/uploads\/2023\/07\/Exterior_143-copia-1-e1689598506498.jpg\" class=\"attachment-full size-full wp-image-1393\" alt=\"\" srcset=\"https:\/\/maspepito.com\/wp-content\/uploads\/2023\/07\/Exterior_143-copia-1-e1689598506498.jpg 1772w, https:\/\/maspepito.com\/wp-content\/uploads\/2023\/07\/Exterior_143-copia-1-e1689598506498-300x155.jpg 300w, https:\/\/maspepito.com\/wp-content\/uploads\/2023\/07\/Exterior_143-copia-1-e1689598506498-1024x529.jpg 1024w, https:\/\/maspepito.com\/wp-content\/uploads\/2023\/07\/Exterior_143-copia-1-e1689598506498-768x397.jpg 768w, https:\/\/maspepito.com\/wp-content\/uploads\/2023\/07\/Exterior_143-copia-1-e1689598506498-1536x794.jpg 1536w, https:\/\/maspepito.com\/wp-content\/uploads\/2023\/07\/Exterior_143-copia-1-e1689598506498-600x310.jpg 600w\" sizes=\"(max-width: 1772px) 100vw, 1772px\" \/>\t\t\t\t\t\t\t\t\t\t\t\t\t<\/div>\n\t\t\t\t<\/div>\n\t\t\t\t\t<\/div>\n\t\t<\/div>\n\t\t\t\t\t<\/div>\n\t\t<\/section>\n\t\t\t\t<\/div>","protected":false},"excerpt":{"rendered":"","protected":false},"author":2,"featured_media":0,"parent":0,"menu_order":0,"comment_status":"closed","ping_status":"closed","template":"","meta":{"site-sidebar-layout":"no-sidebar","site-content-layout":"page-builder","ast-global-header-display":"","ast-banner-title-visibility":"","ast-main-header-display":"","ast-hfb-above-header-display":"","ast-hfb-below-header-display":"","ast-hfb-mobile-header-display":"","site-post-title":"disabled","ast-breadcrumbs-content":"","ast-featured-img":"disabled","footer-sml-layout":"","theme-transparent-header-meta":"enabled","adv-header-id-meta":"","stick-header-meta":"","header-above-stick-meta":"","header-main-stick-meta":"","header-below-stick-meta":"","_joinchat":[]},"yoast_head":"<!-- This site is optimized with the Yoast SEO plugin v21.7 - https:\/\/yoast.com\/wordpress\/plugins\/seo\/ -->\n<title>Inicio - M\u00e1s Pepito<\/title>\n<meta name=\"robots\" content=\"index, follow, max-snippet:-1, max-image-preview:large, max-video-preview:-1\" \/>\n<link rel=\"canonical\" href=\"https:\/\/maspepito.com\/en\/\" \/>\n<meta property=\"og:locale\" content=\"en_US\" \/>\n<meta property=\"og:type\" content=\"article\" \/>\n<meta property=\"og:title\" content=\"Inicio - M\u00e1s Pepito\" \/>\n<meta property=\"og:url\" content=\"https:\/\/maspepito.com\/en\/\" \/>\n<meta property=\"og:site_name\" content=\"M\u00e1s Pepito\" \/>\n<meta property=\"article:modified_time\" content=\"2023-07-18T08:57:07+00:00\" \/>\n<meta property=\"og:image\" content=\"https:\/\/maspepito.com\/wp-content\/uploads\/2023\/07\/detalles_05_078.jpg\" \/>\n<meta name=\"twitter:card\" content=\"summary_large_image\" \/>\n<meta name=\"twitter:label1\" content=\"Est. reading time\" \/>\n\t<meta name=\"twitter:data1\" content=\"1 minute\" \/>\n<script type=\"application\/ld+json\" class=\"yoast-schema-graph\">{\"@context\":\"https:\/\/schema.org\",\"@graph\":[{\"@type\":\"WebPage\",\"@id\":\"https:\/\/maspepito.com\/\",\"url\":\"https:\/\/maspepito.com\/\",\"name\":\"Inicio - M\u00e1s Pepito\",\"isPartOf\":{\"@id\":\"https:\/\/maspepito.com\/#website\"},\"datePublished\":\"2020-08-10T03:29:26+00:00\",\"dateModified\":\"2023-07-18T08:57:07+00:00\",\"breadcrumb\":{\"@id\":\"https:\/\/maspepito.com\/#breadcrumb\"},\"inLanguage\":\"en-US\",\"potentialAction\":[{\"@type\":\"ReadAction\",\"target\":[\"https:\/\/maspepito.com\/\"]}]},{\"@type\":\"BreadcrumbList\",\"@id\":\"https:\/\/maspepito.com\/#breadcrumb\",\"itemListElement\":[{\"@type\":\"ListItem\",\"position\":1,\"name\":\"Portada\",\"item\":\"https:\/\/maspepito.com\/\"},{\"@type\":\"ListItem\",\"position\":2,\"name\":\"Inicio\"}]},{\"@type\":\"WebSite\",\"@id\":\"https:\/\/maspepito.com\/#website\",\"url\":\"https:\/\/maspepito.com\/\",\"name\":\"M\u00e1s Pepito\",\"description\":\"Espacios \u00fanicos para experiencias incre\u00edbles.\",\"publisher\":{\"@id\":\"https:\/\/maspepito.com\/#organization\"},\"potentialAction\":[{\"@type\":\"SearchAction\",\"target\":{\"@type\":\"EntryPoint\",\"urlTemplate\":\"https:\/\/maspepito.com\/?s={search_term_string}\"},\"query-input\":\"required name=search_term_string\"}],\"inLanguage\":\"en-US\"},{\"@type\":\"Organization\",\"@id\":\"https:\/\/maspepito.com\/#organization\",\"name\":\"M\u00e1s Pepito\",\"url\":\"https:\/\/maspepito.com\/\",\"logo\":{\"@type\":\"ImageObject\",\"inLanguage\":\"en-US\",\"@id\":\"https:\/\/maspepito.com\/#\/schema\/logo\/image\/\",\"url\":\"https:\/\/maspepito.com\/wp-content\/uploads\/2023\/07\/logo-maspepito-negro-e1688626807851.png\",\"contentUrl\":\"https:\/\/maspepito.com\/wp-content\/uploads\/2023\/07\/logo-maspepito-negro-e1688626807851.png\",\"width\":382,\"height\":102,\"caption\":\"M\u00e1s Pepito\"},\"image\":{\"@id\":\"https:\/\/maspepito.com\/#\/schema\/logo\/image\/\"}}]}<\/script>\n<!-- \/ Yoast SEO plugin. -->","yoast_head_json":{"title":"Inicio - M\u00e1s Pepito","robots":{"index":"index","follow":"follow","max-snippet":"max-snippet:-1","max-image-preview":"max-image-preview:large","max-video-preview":"max-video-preview:-1"},"canonical":"https:\/\/maspepito.com\/en\/","og_locale":"en_US","og_type":"article","og_title":"Inicio - M\u00e1s Pepito","og_url":"https:\/\/maspepito.com\/en\/","og_site_name":"M\u00e1s Pepito","article_modified_time":"2023-07-18T08:57:07+00:00","og_image":[{"url":"https:\/\/maspepito.com\/wp-content\/uploads\/2023\/07\/detalles_05_078.jpg"}],"twitter_card":"summary_large_image","twitter_misc":{"Est. reading time":"1 minute"},"schema":{"@context":"https:\/\/schema.org","@graph":[{"@type":"WebPage","@id":"https:\/\/maspepito.com\/","url":"https:\/\/maspepito.com\/","name":"Inicio - M\u00e1s Pepito","isPartOf":{"@id":"https:\/\/maspepito.com\/#website"},"datePublished":"2020-08-10T03:29:26+00:00","dateModified":"2023-07-18T08:57:07+00:00","breadcrumb":{"@id":"https:\/\/maspepito.com\/#breadcrumb"},"inLanguage":"en-US","potentialAction":[{"@type":"ReadAction","target":["https:\/\/maspepito.com\/"]}]},{"@type":"BreadcrumbList","@id":"https:\/\/maspepito.com\/#breadcrumb","itemListElement":[{"@type":"ListItem","position":1,"name":"Portada","item":"https:\/\/maspepito.com\/"},{"@type":"ListItem","position":2,"name":"Inicio"}]},{"@type":"WebSite","@id":"https:\/\/maspepito.com\/#website","url":"https:\/\/maspepito.com\/","name":"M\u00e1s Pepito","description":"Espacios \u00fanicos para experiencias incre\u00edbles.","publisher":{"@id":"https:\/\/maspepito.com\/#organization"},"potentialAction":[{"@type":"SearchAction","target":{"@type":"EntryPoint","urlTemplate":"https:\/\/maspepito.com\/?s={search_term_string}"},"query-input":"required name=search_term_string"}],"inLanguage":"en-US"},{"@type":"Organization","@id":"https:\/\/maspepito.com\/#organization","name":"M\u00e1s Pepito","url":"https:\/\/maspepito.com\/","logo":{"@type":"ImageObject","inLanguage":"en-US","@id":"https:\/\/maspepito.com\/#\/schema\/logo\/image\/","url":"https:\/\/maspepito.com\/wp-content\/uploads\/2023\/07\/logo-maspepito-negro-e1688626807851.png","contentUrl":"https:\/\/maspepito.com\/wp-content\/uploads\/2023\/07\/logo-maspepito-negro-e1688626807851.png","width":382,"height":102,"caption":"M\u00e1s Pepito"},"image":{"@id":"https:\/\/maspepito.com\/#\/schema\/logo\/image\/"}}]}},"_links":{"self":[{"href":"https:\/\/maspepito.com\/en\/wp-json\/wp\/v2\/pages\/417"}],"collection":[{"href":"https:\/\/maspepito.com\/en\/wp-json\/wp\/v2\/pages"}],"about":[{"href":"https:\/\/maspepito.com\/en\/wp-json\/wp\/v2\/types\/page"}],"author":[{"embeddable":true,"href":"https:\/\/maspepito.com\/en\/wp-json\/wp\/v2\/users\/2"}],"replies":[{"embeddable":true,"href":"https:\/\/maspepito.com\/en\/wp-json\/wp\/v2\/comments?post=417"}],"version-history":[{"count":50,"href":"https:\/\/maspepito.com\/en\/wp-json\/wp\/v2\/pages\/417\/revisions"}],"predecessor-version":[{"id":1505,"href":"https:\/\/maspepito.com\/en\/wp-json\/wp\/v2\/pages\/417\/revisions\/1505"}],"wp:attachment":[{"href":"https:\/\/maspepito.com\/en\/wp-json\/wp\/v2\/media?parent=417"}],"curies":[{"name":"wp","href":"https:\/\/api.w.org\/{rel}","templated":true}]}}