{"id":162,"date":"2020-08-10T08:37:16","date_gmt":"2020-08-10T08:37:16","guid":{"rendered":"https:\/\/maspepito.com\/?page_id=162"},"modified":"2024-06-13T10:42:00","modified_gmt":"2024-06-13T08:42:00","slug":"el-proyecto","status":"publish","type":"page","link":"https:\/\/maspepito.com\/en\/el-proyecto\/","title":{"rendered":"PROYECTO"},"content":{"rendered":"<div data-elementor-type=\"wp-page\" data-elementor-id=\"162\" class=\"elementor elementor-162\" data-elementor-post-type=\"page\">\n\t\t\t\t\t\t<section class=\"elementor-section elementor-top-section elementor-element elementor-element-b27be6b elementor-section-boxed elementor-section-height-default elementor-section-height-default\" data-id=\"b27be6b\" data-element_type=\"section\" data-settings=\"{&quot;background_background&quot;:&quot;classic&quot;}\">\n\t\t\t\t\t\t\t<div class=\"elementor-background-overlay\"><\/div>\n\t\t\t\t\t\t\t<div class=\"elementor-container elementor-column-gap-no\">\n\t\t\t\t\t<div class=\"elementor-column elementor-col-100 elementor-top-column elementor-element elementor-element-fe68854\" data-id=\"fe68854\" data-element_type=\"column\">\n\t\t\t<div class=\"elementor-widget-wrap elementor-element-populated\">\n\t\t\t\t\t\t<div class=\"elementor-element elementor-element-42fd381 elementor-arrows-position-outside elementor-widget elementor-widget-image-carousel\" data-id=\"42fd381\" data-element_type=\"widget\" data-settings=\"{&quot;slides_to_show&quot;:&quot;1&quot;,&quot;navigation&quot;:&quot;arrows&quot;,&quot;autoplay&quot;:&quot;yes&quot;,&quot;pause_on_hover&quot;:&quot;yes&quot;,&quot;pause_on_interaction&quot;:&quot;yes&quot;,&quot;autoplay_speed&quot;:5000,&quot;infinite&quot;:&quot;yes&quot;,&quot;effect&quot;:&quot;slide&quot;,&quot;speed&quot;:500}\" data-widget_type=\"image-carousel.default\">\n\t\t\t\t<div class=\"elementor-widget-container\">\n\t\t\t<style>\/*! elementor - v3.19.0 - 07-02-2024 *\/\n.elementor-widget-image-carousel .swiper,.elementor-widget-image-carousel .swiper-container{position:static}.elementor-widget-image-carousel .swiper-container .swiper-slide figure,.elementor-widget-image-carousel .swiper .swiper-slide figure{line-height:inherit}.elementor-widget-image-carousel .swiper-slide{text-align:center}.elementor-image-carousel-wrapper:not(.swiper-container-initialized):not(.swiper-initialized) .swiper-slide{max-width:calc(100% \/ var(--e-image-carousel-slides-to-show, 3))}<\/style>\t\t<div class=\"elementor-image-carousel-wrapper swiper\" dir=\"ltr\">\n\t\t\t<div class=\"elementor-image-carousel swiper-wrapper\" aria-live=\"off\">\n\t\t\t\t\t\t\t\t<div class=\"swiper-slide\" role=\"group\" aria-roledescription=\"slide\" aria-label=\"1 of 8\"><a data-elementor-open-lightbox=\"yes\" data-elementor-lightbox-slideshow=\"42fd381\" data-elementor-lightbox-title=\"661e600c-b1ee-4a34-96f5-e160cc15d2f2\" data-e-action-hash=\"#elementor-action%3Aaction%3Dlightbox%26settings%3DeyJpZCI6MTY4OSwidXJsIjoiaHR0cHM6XC9cL21hc3BlcGl0by5jb21cL3dwLWNvbnRlbnRcL3VwbG9hZHNcLzIwMjNcLzEwXC82NjFlNjAwYy1iMWVlLTRhMzQtOTZmNS1lMTYwY2MxNWQyZjIuanBnIiwic2xpZGVzaG93IjoiNDJmZDM4MSJ9\" href=\"https:\/\/maspepito.com\/wp-content\/uploads\/2023\/10\/661e600c-b1ee-4a34-96f5-e160cc15d2f2.jpg\"><figure class=\"swiper-slide-inner\"><img decoding=\"async\" class=\"swiper-slide-image\" src=\"https:\/\/maspepito.com\/wp-content\/uploads\/elementor\/thumbs\/661e600c-b1ee-4a34-96f5-e160cc15d2f2-qenzdqs6xnc246s9wgpvzbgow0z2jq10pxrca9fkns.jpg\" alt=\"661e600c-b1ee-4a34-96f5-e160cc15d2f2\" \/><\/figure><\/a><\/div><div class=\"swiper-slide\" role=\"group\" aria-roledescription=\"slide\" aria-label=\"2 of 8\"><a data-elementor-open-lightbox=\"yes\" data-elementor-lightbox-slideshow=\"42fd381\" data-e-action-hash=\"#elementor-action%3Aaction%3Dlightbox%26settings%3DeyJpZCI6MTM2NywidXJsIjoiaHR0cHM6XC9cL21hc3BlcGl0by5jb21cL3dwLWNvbnRlbnRcL3VwbG9hZHNcLzIwMjNcLzA3XC8wMElNR18xMDA2LWNvcGlhLmpwZyIsInNsaWRlc2hvdyI6IjQyZmQzODEifQ%3D%3D\" href=\"https:\/\/maspepito.com\/wp-content\/uploads\/2023\/07\/00IMG_1006-copia.jpg\"><figure class=\"swiper-slide-inner\"><img decoding=\"async\" class=\"swiper-slide-image\" src=\"https:\/\/maspepito.com\/wp-content\/uploads\/elementor\/thumbs\/00IMG_1006-copia-q9csmb0ljnyp9s8rsft5tlh3saa9tmu27l2lveh3rs.jpg\" alt=\"\" \/><\/figure><\/a><\/div><div class=\"swiper-slide\" role=\"group\" aria-roledescription=\"slide\" aria-label=\"3 of 8\"><a data-elementor-open-lightbox=\"yes\" data-elementor-lightbox-slideshow=\"42fd381\" data-e-action-hash=\"#elementor-action%3Aaction%3Dlightbox%26settings%3DeyJpZCI6MTYyMywidXJsIjoiaHR0cHM6XC9cL21hc3BlcGl0by5jb21cL3dwLWNvbnRlbnRcL3VwbG9hZHNcLzIwMjNcLzA5XC9JTUdfNzgyNy1zY2FsZWQuanBnIiwic2xpZGVzaG93IjoiNDJmZDM4MSJ9\" href=\"https:\/\/maspepito.com\/wp-content\/uploads\/2023\/09\/IMG_7827-scaled.jpg\"><figure class=\"swiper-slide-inner\"><img decoding=\"async\" class=\"swiper-slide-image\" src=\"https:\/\/maspepito.com\/wp-content\/uploads\/elementor\/thumbs\/IMG_7827-scaled-qcmv0gq9xst83qn2knftk08icqz1mgfsdcr2wiuue0.jpg\" alt=\"\" \/><\/figure><\/a><\/div><div class=\"swiper-slide\" role=\"group\" aria-roledescription=\"slide\" aria-label=\"4 of 8\"><a data-elementor-open-lightbox=\"yes\" data-elementor-lightbox-slideshow=\"42fd381\" data-e-action-hash=\"#elementor-action%3Aaction%3Dlightbox%26settings%3DeyJpZCI6MTYyNCwidXJsIjoiaHR0cHM6XC9cL21hc3BlcGl0by5jb21cL3dwLWNvbnRlbnRcL3VwbG9hZHNcLzIwMjNcLzA5XC9JTUdfNzgzMS1zY2FsZWQuanBnIiwic2xpZGVzaG93IjoiNDJmZDM4MSJ9\" href=\"https:\/\/maspepito.com\/wp-content\/uploads\/2023\/09\/IMG_7831-scaled.jpg\"><figure class=\"swiper-slide-inner\"><img decoding=\"async\" class=\"swiper-slide-image\" src=\"https:\/\/maspepito.com\/wp-content\/uploads\/elementor\/thumbs\/IMG_7831-scaled-qcmv18xfmtvts1i3zzmmmt4c6b421djqh8bnatp17c.jpg\" alt=\"\" \/><\/figure><\/a><\/div><div class=\"swiper-slide\" role=\"group\" aria-roledescription=\"slide\" aria-label=\"5 of 8\"><a data-elementor-open-lightbox=\"yes\" data-elementor-lightbox-slideshow=\"42fd381\" data-e-action-hash=\"#elementor-action%3Aaction%3Dlightbox%26settings%3DeyJpZCI6MTY2NiwidXJsIjpmYWxzZSwic2xpZGVzaG93IjoiNDJmZDM4MSJ9\"><figure class=\"swiper-slide-inner\"><img decoding=\"async\" class=\"swiper-slide-image\" src=\"https:\/\/maspepito.com\/wp-content\/uploads\/2023\/10\/IMG_6149-5-scaled.jpg\" alt=\"\" \/><\/figure><\/a><\/div><div class=\"swiper-slide\" role=\"group\" aria-roledescription=\"slide\" aria-label=\"6 of 8\"><a data-elementor-open-lightbox=\"yes\" data-elementor-lightbox-slideshow=\"42fd381\" data-e-action-hash=\"#elementor-action%3Aaction%3Dlightbox%26settings%3DeyJpZCI6MTY2NywidXJsIjoiaHR0cHM6XC9cL21hc3BlcGl0by5jb21cL3dwLWNvbnRlbnRcL3VwbG9hZHNcLzIwMjNcLzEwXC9JTUdfNjEzMy00LXNjYWxlZC5qcGciLCJzbGlkZXNob3ciOiI0MmZkMzgxIn0%3D\" href=\"https:\/\/maspepito.com\/wp-content\/uploads\/2023\/10\/IMG_6133-4-scaled.jpg\"><figure class=\"swiper-slide-inner\"><img decoding=\"async\" class=\"swiper-slide-image\" src=\"https:\/\/maspepito.com\/wp-content\/uploads\/elementor\/thumbs\/IMG_6133-4-scaled-qd9vii9cw4eygcnefme6u0b6q47fh0rcqk3hchhi6w.jpg\" alt=\"\" \/><\/figure><\/a><\/div><div class=\"swiper-slide\" role=\"group\" aria-roledescription=\"slide\" aria-label=\"7 of 8\"><a data-elementor-open-lightbox=\"yes\" data-elementor-lightbox-slideshow=\"42fd381\" data-e-action-hash=\"#elementor-action%3Aaction%3Dlightbox%26settings%3DeyJpZCI6MTYyNSwidXJsIjoiaHR0cHM6XC9cL21hc3BlcGl0by5jb21cL3dwLWNvbnRlbnRcL3VwbG9hZHNcLzIwMjNcLzA5XC9FeHRlcmlvcl8wMTEuanBnIiwic2xpZGVzaG93IjoiNDJmZDM4MSJ9\" href=\"https:\/\/maspepito.com\/wp-content\/uploads\/2023\/09\/Exterior_011.jpg\"><figure class=\"swiper-slide-inner\"><img decoding=\"async\" class=\"swiper-slide-image\" src=\"https:\/\/maspepito.com\/wp-content\/uploads\/elementor\/thumbs\/Exterior_011-qcmvac19p6bm0cayxx0sqikqwebsg1mbq7cmb48120.jpg\" alt=\"\" \/><\/figure><\/a><\/div><div class=\"swiper-slide\" role=\"group\" aria-roledescription=\"slide\" aria-label=\"8 of 8\"><a data-elementor-open-lightbox=\"yes\" data-elementor-lightbox-slideshow=\"42fd381\" data-e-action-hash=\"#elementor-action%3Aaction%3Dlightbox%26settings%3DeyJpZCI6MTYyOSwidXJsIjoiaHR0cHM6XC9cL21hc3BlcGl0by5jb21cL3dwLWNvbnRlbnRcL3VwbG9hZHNcLzIwMjNcLzA5XC9FeHRlcmlvcl8wMDcuanBnIiwic2xpZGVzaG93IjoiNDJmZDM4MSJ9\" href=\"https:\/\/maspepito.com\/wp-content\/uploads\/2023\/09\/Exterior_007.jpg\"><figure class=\"swiper-slide-inner\"><img decoding=\"async\" class=\"swiper-slide-image\" src=\"https:\/\/maspepito.com\/wp-content\/uploads\/elementor\/thumbs\/Exterior_007-qcmvclt87rfk2f06oedc9fxukx4q1pmz1g3v26us0o.jpg\" alt=\"\" \/><\/figure><\/a><\/div>\t\t\t<\/div>\n\t\t\t\t\t\t\t\t\t\t\t\t<div class=\"elementor-swiper-button elementor-swiper-button-prev\" role=\"button\" tabindex=\"0\">\n\t\t\t\t\t\t<i aria-hidden=\"true\" class=\"eicon-chevron-left\"><\/i>\t\t\t\t\t<\/div>\n\t\t\t\t\t<div class=\"elementor-swiper-button elementor-swiper-button-next\" role=\"button\" tabindex=\"0\">\n\t\t\t\t\t\t<i aria-hidden=\"true\" class=\"eicon-chevron-right\"><\/i>\t\t\t\t\t<\/div>\n\t\t\t\t\n\t\t\t\t\t\t\t\t\t<\/div>\n\t\t\t\t<\/div>\n\t\t\t\t<\/div>\n\t\t\t\t\t<\/div>\n\t\t<\/div>\n\t\t\t\t\t<\/div>\n\t\t<\/section>\n\t\t\t\t<section class=\"elementor-section elementor-top-section elementor-element elementor-element-ba39c2a elementor-section-boxed elementor-section-height-default elementor-section-height-default\" data-id=\"ba39c2a\" data-element_type=\"section\" data-settings=\"{&quot;background_background&quot;:&quot;classic&quot;}\">\n\t\t\t\t\t\t\t<div class=\"elementor-background-overlay\"><\/div>\n\t\t\t\t\t\t\t<div class=\"elementor-container elementor-column-gap-no\">\n\t\t\t\t\t<div class=\"elementor-column elementor-col-100 elementor-top-column elementor-element elementor-element-e884f4a\" data-id=\"e884f4a\" data-element_type=\"column\" data-settings=\"{&quot;background_background&quot;:&quot;classic&quot;}\">\n\t\t\t<div class=\"elementor-widget-wrap elementor-element-populated\">\n\t\t\t\t\t\t<div class=\"elementor-element elementor-element-ae836e4 elementor-widget elementor-widget-heading\" data-id=\"ae836e4\" data-element_type=\"widget\" data-widget_type=\"heading.default\">\n\t\t\t\t<div class=\"elementor-widget-container\">\n\t\t\t<style>\/*! elementor - v3.19.0 - 07-02-2024 *\/\n.elementor-heading-title{padding:0;margin:0;line-height:1}.elementor-widget-heading .elementor-heading-title[class*=elementor-size-]>a{color:inherit;font-size:inherit;line-height:inherit}.elementor-widget-heading .elementor-heading-title.elementor-size-small{font-size:15px}.elementor-widget-heading .elementor-heading-title.elementor-size-medium{font-size:19px}.elementor-widget-heading .elementor-heading-title.elementor-size-large{font-size:29px}.elementor-widget-heading .elementor-heading-title.elementor-size-xl{font-size:39px}.elementor-widget-heading .elementor-heading-title.elementor-size-xxl{font-size:59px}<\/style><h1 class=\"elementor-heading-title elementor-size-small\">Ten\u00edamos un sue\u00f1o... encontrar un lugar en el Empord\u00e0<\/h1>\t\t<\/div>\n\t\t\t\t<\/div>\n\t\t\t\t<div class=\"elementor-element elementor-element-33a840e cajadescroll elementor-widget elementor-widget-text-editor\" data-id=\"33a840e\" data-element_type=\"widget\" data-widget_type=\"text-editor.default\">\n\t\t\t\t<div class=\"elementor-widget-container\">\n\t\t\t<style>\/*! elementor - v3.19.0 - 07-02-2024 *\/\n.elementor-widget-text-editor.elementor-drop-cap-view-stacked .elementor-drop-cap{background-color:#69727d;color:#fff}.elementor-widget-text-editor.elementor-drop-cap-view-framed .elementor-drop-cap{color:#69727d;border:3px solid;background-color:transparent}.elementor-widget-text-editor:not(.elementor-drop-cap-view-default) .elementor-drop-cap{margin-top:8px}.elementor-widget-text-editor:not(.elementor-drop-cap-view-default) .elementor-drop-cap-letter{width:1em;height:1em}.elementor-widget-text-editor .elementor-drop-cap{float:left;text-align:center;line-height:1;font-size:50px}.elementor-widget-text-editor .elementor-drop-cap-letter{display:inline-block}<\/style>\t\t\t\t<p>MasPepito, una antigua granja transformada en peque\u00f1a aldea, en el coraz\u00f3n del Empord\u00e0. Este refugio est\u00e1 rodeado de campos de cultivo, muy cerca de las Ruinas de Empuries y sus hermosas playas, con imponentes vistas del macizo del Montgr\u00ed que nos vigila y los campos empordaneses que nos envuelven.<\/p><p>Se respira tranquilidad y mucha luz. MasPepito ,lugar perfecto para disfrutar de la naturaleza y compartir momentos con amigos y familia. La restauraci\u00f3n de la granja y la recuperaci\u00f3n de los terrenos agr\u00edcolas han dado vida a un espacio para despertar la creatividad y la inspiraci\u00f3n de producciones.<\/p><p><strong><em>\u00abLa naturaleza no es para ser vista, es para ser vivida\u00bb Salvador Dali<\/em><\/strong><\/p><p>Agradecemos a amigos, familia y profesionales que se cruzaron en nuestro camino. Han dejado una huella imborrable y son parte fundamental del proyecto<\/p>\t\t\t\t\t\t<\/div>\n\t\t\t\t<\/div>\n\t\t\t\t\t<\/div>\n\t\t<\/div>\n\t\t\t\t\t<\/div>\n\t\t<\/section>\n\t\t\t\t<\/div>","protected":false},"excerpt":{"rendered":"<p>Ten\u00edamos un sue\u00f1o&#8230; encontrar un lugar en el Empord\u00e0 MasPepito, una antigua granja transformada en peque\u00f1a aldea, en el coraz\u00f3n del Empord\u00e0. Este refugio est\u00e1 rodeado de campos de cultivo, muy cerca de las Ruinas de Empuries y sus hermosas playas, con imponentes vistas del macizo del Montgr\u00ed que nos vigila y los campos empordaneses &hellip;<\/p>\n<p class=\"read-more\"> <a class=\"\" href=\"https:\/\/maspepito.com\/en\/el-proyecto\/\"> <span class=\"screen-reader-text\">PROYECTO<\/span> Read More &raquo;<\/a><\/p>","protected":false},"author":2,"featured_media":1450,"parent":0,"menu_order":0,"comment_status":"closed","ping_status":"closed","template":"","meta":{"site-sidebar-layout":"no-sidebar","site-content-layout":"page-builder","ast-global-header-display":"","ast-banner-title-visibility":"","ast-main-header-display":"","ast-hfb-above-header-display":"","ast-hfb-below-header-display":"","ast-hfb-mobile-header-display":"","site-post-title":"disabled","ast-breadcrumbs-content":"","ast-featured-img":"disabled","footer-sml-layout":"","theme-transparent-header-meta":"default","adv-header-id-meta":"","stick-header-meta":"","header-above-stick-meta":"","header-main-stick-meta":"","header-below-stick-meta":"","_joinchat":[]},"yoast_head":"<!-- This site is optimized with the Yoast SEO plugin v21.7 - https:\/\/yoast.com\/wordpress\/plugins\/seo\/ -->\n<title>PROYECTO - M\u00e1s Pepito<\/title>\n<meta name=\"description\" content=\"Ten\u00edamos un sue\u00f1o\u2026 encontrar un lugar en el Empord\u00e0 que fuera un refugio, un punto de encuentro para nuestra familia.\" \/>\n<meta name=\"robots\" content=\"index, follow, max-snippet:-1, max-image-preview:large, max-video-preview:-1\" \/>\n<link rel=\"canonical\" href=\"https:\/\/maspepito.com\/en\/el-proyecto\/\" \/>\n<meta property=\"og:locale\" content=\"en_US\" \/>\n<meta property=\"og:type\" content=\"article\" \/>\n<meta property=\"og:title\" content=\"PROYECTO - M\u00e1s Pepito\" \/>\n<meta property=\"og:description\" content=\"Ten\u00edamos un sue\u00f1o\u2026 encontrar un lugar en el Empord\u00e0 que fuera un refugio, un punto de encuentro para nuestra familia.\" \/>\n<meta property=\"og:url\" content=\"https:\/\/maspepito.com\/en\/el-proyecto\/\" \/>\n<meta property=\"og:site_name\" content=\"M\u00e1s Pepito\" \/>\n<meta property=\"article:modified_time\" content=\"2024-06-13T08:42:00+00:00\" \/>\n<meta property=\"og:image\" content=\"https:\/\/maspepito.com\/wp-content\/uploads\/2023\/07\/fondos-Exterior_101-copia-1.jpg\" \/>\n\t<meta property=\"og:image:width\" content=\"1772\" \/>\n\t<meta property=\"og:image:height\" content=\"1179\" \/>\n\t<meta property=\"og:image:type\" content=\"image\/jpeg\" \/>\n<meta name=\"twitter:card\" content=\"summary_large_image\" \/>\n<meta name=\"twitter:label1\" content=\"Est. reading time\" \/>\n\t<meta name=\"twitter:data1\" content=\"3 minutes\" \/>\n<script type=\"application\/ld+json\" class=\"yoast-schema-graph\">{\"@context\":\"https:\/\/schema.org\",\"@graph\":[{\"@type\":\"WebPage\",\"@id\":\"https:\/\/maspepito.com\/el-proyecto\/\",\"url\":\"https:\/\/maspepito.com\/el-proyecto\/\",\"name\":\"PROYECTO - M\u00e1s Pepito\",\"isPartOf\":{\"@id\":\"https:\/\/maspepito.com\/#website\"},\"datePublished\":\"2020-08-10T08:37:16+00:00\",\"dateModified\":\"2024-06-13T08:42:00+00:00\",\"description\":\"Ten\u00edamos un sue\u00f1o\u2026 encontrar un lugar en el Empord\u00e0 que fuera un refugio, un punto de encuentro para nuestra familia.\",\"breadcrumb\":{\"@id\":\"https:\/\/maspepito.com\/el-proyecto\/#breadcrumb\"},\"inLanguage\":\"en-US\",\"potentialAction\":[{\"@type\":\"ReadAction\",\"target\":[\"https:\/\/maspepito.com\/el-proyecto\/\"]}]},{\"@type\":\"BreadcrumbList\",\"@id\":\"https:\/\/maspepito.com\/el-proyecto\/#breadcrumb\",\"itemListElement\":[{\"@type\":\"ListItem\",\"position\":1,\"name\":\"Portada\",\"item\":\"https:\/\/maspepito.com\/\"},{\"@type\":\"ListItem\",\"position\":2,\"name\":\"PROYECTO\"}]},{\"@type\":\"WebSite\",\"@id\":\"https:\/\/maspepito.com\/#website\",\"url\":\"https:\/\/maspepito.com\/\",\"name\":\"M\u00e1s Pepito\",\"description\":\"Espacios \u00fanicos para experiencias incre\u00edbles.\",\"publisher\":{\"@id\":\"https:\/\/maspepito.com\/#organization\"},\"potentialAction\":[{\"@type\":\"SearchAction\",\"target\":{\"@type\":\"EntryPoint\",\"urlTemplate\":\"https:\/\/maspepito.com\/?s={search_term_string}\"},\"query-input\":\"required name=search_term_string\"}],\"inLanguage\":\"en-US\"},{\"@type\":\"Organization\",\"@id\":\"https:\/\/maspepito.com\/#organization\",\"name\":\"M\u00e1s Pepito\",\"url\":\"https:\/\/maspepito.com\/\",\"logo\":{\"@type\":\"ImageObject\",\"inLanguage\":\"en-US\",\"@id\":\"https:\/\/maspepito.com\/#\/schema\/logo\/image\/\",\"url\":\"https:\/\/maspepito.com\/wp-content\/uploads\/2023\/07\/logo-maspepito-negro-e1688626807851.png\",\"contentUrl\":\"https:\/\/maspepito.com\/wp-content\/uploads\/2023\/07\/logo-maspepito-negro-e1688626807851.png\",\"width\":382,\"height\":102,\"caption\":\"M\u00e1s Pepito\"},\"image\":{\"@id\":\"https:\/\/maspepito.com\/#\/schema\/logo\/image\/\"}}]}<\/script>\n<!-- \/ Yoast SEO plugin. -->","yoast_head_json":{"title":"PROYECTO - M\u00e1s Pepito","description":"Ten\u00edamos un sue\u00f1o\u2026 encontrar un lugar en el Empord\u00e0 que fuera un refugio, un punto de encuentro para nuestra familia.","robots":{"index":"index","follow":"follow","max-snippet":"max-snippet:-1","max-image-preview":"max-image-preview:large","max-video-preview":"max-video-preview:-1"},"canonical":"https:\/\/maspepito.com\/en\/el-proyecto\/","og_locale":"en_US","og_type":"article","og_title":"PROYECTO - M\u00e1s Pepito","og_description":"Ten\u00edamos un sue\u00f1o\u2026 encontrar un lugar en el Empord\u00e0 que fuera un refugio, un punto de encuentro para nuestra familia.","og_url":"https:\/\/maspepito.com\/en\/el-proyecto\/","og_site_name":"M\u00e1s Pepito","article_modified_time":"2024-06-13T08:42:00+00:00","og_image":[{"width":1772,"height":1179,"url":"https:\/\/maspepito.com\/wp-content\/uploads\/2023\/07\/fondos-Exterior_101-copia-1.jpg","type":"image\/jpeg"}],"twitter_card":"summary_large_image","twitter_misc":{"Est. reading time":"3 minutes"},"schema":{"@context":"https:\/\/schema.org","@graph":[{"@type":"WebPage","@id":"https:\/\/maspepito.com\/el-proyecto\/","url":"https:\/\/maspepito.com\/el-proyecto\/","name":"PROYECTO - M\u00e1s Pepito","isPartOf":{"@id":"https:\/\/maspepito.com\/#website"},"datePublished":"2020-08-10T08:37:16+00:00","dateModified":"2024-06-13T08:42:00+00:00","description":"Ten\u00edamos un sue\u00f1o\u2026 encontrar un lugar en el Empord\u00e0 que fuera un refugio, un punto de encuentro para nuestra familia.","breadcrumb":{"@id":"https:\/\/maspepito.com\/el-proyecto\/#breadcrumb"},"inLanguage":"en-US","potentialAction":[{"@type":"ReadAction","target":["https:\/\/maspepito.com\/el-proyecto\/"]}]},{"@type":"BreadcrumbList","@id":"https:\/\/maspepito.com\/el-proyecto\/#breadcrumb","itemListElement":[{"@type":"ListItem","position":1,"name":"Portada","item":"https:\/\/maspepito.com\/"},{"@type":"ListItem","position":2,"name":"PROYECTO"}]},{"@type":"WebSite","@id":"https:\/\/maspepito.com\/#website","url":"https:\/\/maspepito.com\/","name":"M\u00e1s Pepito","description":"Espacios \u00fanicos para experiencias incre\u00edbles.","publisher":{"@id":"https:\/\/maspepito.com\/#organization"},"potentialAction":[{"@type":"SearchAction","target":{"@type":"EntryPoint","urlTemplate":"https:\/\/maspepito.com\/?s={search_term_string}"},"query-input":"required name=search_term_string"}],"inLanguage":"en-US"},{"@type":"Organization","@id":"https:\/\/maspepito.com\/#organization","name":"M\u00e1s Pepito","url":"https:\/\/maspepito.com\/","logo":{"@type":"ImageObject","inLanguage":"en-US","@id":"https:\/\/maspepito.com\/#\/schema\/logo\/image\/","url":"https:\/\/maspepito.com\/wp-content\/uploads\/2023\/07\/logo-maspepito-negro-e1688626807851.png","contentUrl":"https:\/\/maspepito.com\/wp-content\/uploads\/2023\/07\/logo-maspepito-negro-e1688626807851.png","width":382,"height":102,"caption":"M\u00e1s Pepito"},"image":{"@id":"https:\/\/maspepito.com\/#\/schema\/logo\/image\/"}}]}},"_links":{"self":[{"href":"https:\/\/maspepito.com\/en\/wp-json\/wp\/v2\/pages\/162"}],"collection":[{"href":"https:\/\/maspepito.com\/en\/wp-json\/wp\/v2\/pages"}],"about":[{"href":"https:\/\/maspepito.com\/en\/wp-json\/wp\/v2\/types\/page"}],"author":[{"embeddable":true,"href":"https:\/\/maspepito.com\/en\/wp-json\/wp\/v2\/users\/2"}],"replies":[{"embeddable":true,"href":"https:\/\/maspepito.com\/en\/wp-json\/wp\/v2\/comments?post=162"}],"version-history":[{"count":119,"href":"https:\/\/maspepito.com\/en\/wp-json\/wp\/v2\/pages\/162\/revisions"}],"predecessor-version":[{"id":1789,"href":"https:\/\/maspepito.com\/en\/wp-json\/wp\/v2\/pages\/162\/revisions\/1789"}],"wp:featuredmedia":[{"embeddable":true,"href":"https:\/\/maspepito.com\/en\/wp-json\/wp\/v2\/media\/1450"}],"wp:attachment":[{"href":"https:\/\/maspepito.com\/en\/wp-json\/wp\/v2\/media?parent=162"}],"curies":[{"name":"wp","href":"https:\/\/api.w.org\/{rel}","templated":true}]}}