{"id":133,"date":"2020-08-10T07:47:13","date_gmt":"2020-08-10T07:47:13","guid":{"rendered":"https:\/\/maspepito.com\/?page_id=133"},"modified":"2023-07-21T08:56:40","modified_gmt":"2023-07-21T06:56:40","slug":"espacios","status":"publish","type":"page","link":"https:\/\/maspepito.com\/en\/espacios\/","title":{"rendered":"Espacios"},"content":{"rendered":"<div data-elementor-type=\"wp-page\" data-elementor-id=\"133\" class=\"elementor elementor-133\" data-elementor-post-type=\"page\">\n\t\t\t\t\t\t<section class=\"elementor-section elementor-top-section elementor-element elementor-element-81b923d elementor-section-boxed elementor-section-height-default elementor-section-height-default\" data-id=\"81b923d\" data-element_type=\"section\">\n\t\t\t\t\t\t<div class=\"elementor-container elementor-column-gap-default\">\n\t\t\t\t\t<div class=\"elementor-column elementor-col-100 elementor-top-column elementor-element elementor-element-23537dd\" data-id=\"23537dd\" data-element_type=\"column\">\n\t\t\t<div class=\"elementor-widget-wrap elementor-element-populated\">\n\t\t\t\t\t\t<div class=\"elementor-element elementor-element-833d484 elementor-grid-1 elementor-grid-tablet-1 elementor-grid-mobile-1 elementor-widget elementor-widget-portfolio\" data-id=\"833d484\" data-element_type=\"widget\" data-settings=\"{&quot;item_ratio&quot;:{&quot;unit&quot;:&quot;px&quot;,&quot;size&quot;:&quot;&quot;,&quot;sizes&quot;:[]},&quot;row_gap&quot;:{&quot;unit&quot;:&quot;px&quot;,&quot;size&quot;:10,&quot;sizes&quot;:[]},&quot;columns&quot;:&quot;1&quot;,&quot;columns_tablet&quot;:&quot;1&quot;,&quot;columns_mobile&quot;:&quot;1&quot;,&quot;item_gap&quot;:{&quot;unit&quot;:&quot;px&quot;,&quot;size&quot;:&quot;&quot;,&quot;sizes&quot;:[]}}\" data-widget_type=\"portfolio.default\">\n\t\t\t\t<div class=\"elementor-widget-container\">\n\t\t\t<link rel=\"stylesheet\" href=\"https:\/\/maspepito.com\/wp-content\/plugins\/elementor-pro\/assets\/css\/widget-posts.min.css\">\t\t<div class=\"elementor-portfolio elementor-grid elementor-posts-container\">\n\t\t\t\t<article class=\"elementor-portfolio-item elementor-post  post-1 post type-post status-publish format-standard has-post-thumbnail hentry category-blog\">\n\t\t\t<a class=\"elementor-post__thumbnail__link\" href=\"https:\/\/maspepito.com\/en\/estancias\/\">\n\t\t\t\t<div class=\"elementor-portfolio-item__img elementor-post__thumbnail\">\n\t\t\t<img fetchpriority=\"high\" decoding=\"async\" width=\"886\" height=\"590\" src=\"https:\/\/maspepito.com\/wp-content\/uploads\/2023\/07\/Casa_05_016-1.jpg\" class=\"attachment-full size-full wp-image-1324\" alt=\"\" srcset=\"https:\/\/maspepito.com\/wp-content\/uploads\/2023\/07\/Casa_05_016-1.jpg 886w, https:\/\/maspepito.com\/wp-content\/uploads\/2023\/07\/Casa_05_016-1-300x200.jpg 300w, https:\/\/maspepito.com\/wp-content\/uploads\/2023\/07\/Casa_05_016-1-768x511.jpg 768w, https:\/\/maspepito.com\/wp-content\/uploads\/2023\/07\/Casa_05_016-1-600x400.jpg 600w\" sizes=\"(max-width: 886px) 100vw, 886px\" \/>\t\t<\/div>\n\t\t\t\t<div class=\"elementor-portfolio-item__overlay\">\n\t\t\t\t<h3 class=\"elementor-portfolio-item__title\">\n\t\tEstancias\t\t<\/h3>\n\t\t\t\t<\/div>\n\t\t\t\t<\/a>\n\t\t<\/article>\n\t\t\t\t<article class=\"elementor-portfolio-item elementor-post  post-1346 post type-post status-publish format-standard has-post-thumbnail hentry category-blog\">\n\t\t\t<a class=\"elementor-post__thumbnail__link\" href=\"https:\/\/maspepito.com\/en\/porche-y-piscina\/\">\n\t\t\t\t<div class=\"elementor-portfolio-item__img elementor-post__thumbnail\">\n\t\t\t<img decoding=\"async\" width=\"2560\" height=\"1920\" src=\"https:\/\/maspepito.com\/wp-content\/uploads\/2023\/07\/IMG_7826-scaled.jpg\" class=\"attachment-full size-full wp-image-1640\" alt=\"\" srcset=\"https:\/\/maspepito.com\/wp-content\/uploads\/2023\/07\/IMG_7826-scaled.jpg 2560w, https:\/\/maspepito.com\/wp-content\/uploads\/2023\/07\/IMG_7826-300x225.jpg 300w, https:\/\/maspepito.com\/wp-content\/uploads\/2023\/07\/IMG_7826-1024x768.jpg 1024w, https:\/\/maspepito.com\/wp-content\/uploads\/2023\/07\/IMG_7826-768x576.jpg 768w, https:\/\/maspepito.com\/wp-content\/uploads\/2023\/07\/IMG_7826-1536x1152.jpg 1536w, https:\/\/maspepito.com\/wp-content\/uploads\/2023\/07\/IMG_7826-2048x1536.jpg 2048w, https:\/\/maspepito.com\/wp-content\/uploads\/2023\/07\/IMG_7826-16x12.jpg 16w, https:\/\/maspepito.com\/wp-content\/uploads\/2023\/07\/IMG_7826-600x450.jpg 600w\" sizes=\"(max-width: 2560px) 100vw, 2560px\" \/>\t\t<\/div>\n\t\t\t\t<div class=\"elementor-portfolio-item__overlay\">\n\t\t\t\t<h3 class=\"elementor-portfolio-item__title\">\n\t\tPorche y piscina\t\t<\/h3>\n\t\t\t\t<\/div>\n\t\t\t\t<\/a>\n\t\t<\/article>\n\t\t\t\t<article class=\"elementor-portfolio-item elementor-post  post-1335 post type-post status-publish format-standard has-post-thumbnail hentry category-blog\">\n\t\t\t<a class=\"elementor-post__thumbnail__link\" href=\"https:\/\/maspepito.com\/en\/la-plaza\/\">\n\t\t\t\t<div class=\"elementor-portfolio-item__img elementor-post__thumbnail\">\n\t\t\t<img decoding=\"async\" width=\"886\" height=\"591\" src=\"https:\/\/maspepito.com\/wp-content\/uploads\/2023\/07\/Principal-la-plaza-exterior_005.jpg\" class=\"attachment-full size-full wp-image-1336\" alt=\"\" srcset=\"https:\/\/maspepito.com\/wp-content\/uploads\/2023\/07\/Principal-la-plaza-exterior_005.jpg 886w, https:\/\/maspepito.com\/wp-content\/uploads\/2023\/07\/Principal-la-plaza-exterior_005-300x200.jpg 300w, https:\/\/maspepito.com\/wp-content\/uploads\/2023\/07\/Principal-la-plaza-exterior_005-768x512.jpg 768w, https:\/\/maspepito.com\/wp-content\/uploads\/2023\/07\/Principal-la-plaza-exterior_005-600x400.jpg 600w\" sizes=\"(max-width: 886px) 100vw, 886px\" \/>\t\t<\/div>\n\t\t\t\t<div class=\"elementor-portfolio-item__overlay\">\n\t\t\t\t<h3 class=\"elementor-portfolio-item__title\">\n\t\tLa plaza\t\t<\/h3>\n\t\t\t\t<\/div>\n\t\t\t\t<\/a>\n\t\t<\/article>\n\t\t\t\t<article class=\"elementor-portfolio-item elementor-post  post-647 post type-post status-publish format-standard has-post-thumbnail hentry category-blog\">\n\t\t\t<a class=\"elementor-post__thumbnail__link\" href=\"https:\/\/maspepito.com\/en\/el-huerto-y-el-muro\/\">\n\t\t\t\t<div class=\"elementor-portfolio-item__img elementor-post__thumbnail\">\n\t\t\t<img loading=\"lazy\" decoding=\"async\" width=\"886\" height=\"591\" src=\"https:\/\/maspepito.com\/wp-content\/uploads\/2023\/07\/huerto-y-muro-principal.jpg\" class=\"attachment-full size-full wp-image-1304\" alt=\"\" srcset=\"https:\/\/maspepito.com\/wp-content\/uploads\/2023\/07\/huerto-y-muro-principal.jpg 886w, https:\/\/maspepito.com\/wp-content\/uploads\/2023\/07\/huerto-y-muro-principal-300x200.jpg 300w, https:\/\/maspepito.com\/wp-content\/uploads\/2023\/07\/huerto-y-muro-principal-768x512.jpg 768w, https:\/\/maspepito.com\/wp-content\/uploads\/2023\/07\/huerto-y-muro-principal-600x400.jpg 600w\" sizes=\"(max-width: 886px) 100vw, 886px\" \/>\t\t<\/div>\n\t\t\t\t<div class=\"elementor-portfolio-item__overlay\">\n\t\t\t\t<h3 class=\"elementor-portfolio-item__title\">\n\t\tEl huerto y el muro\t\t<\/h3>\n\t\t\t\t<\/div>\n\t\t\t\t<\/a>\n\t\t<\/article>\n\t\t\t\t<article class=\"elementor-portfolio-item elementor-post  post-573 post type-post status-publish format-standard has-post-thumbnail hentry category-blog\">\n\t\t\t<a class=\"elementor-post__thumbnail__link\" href=\"https:\/\/maspepito.com\/en\/el-taller-las-porqueras\/\">\n\t\t\t\t<div class=\"elementor-portfolio-item__img elementor-post__thumbnail\">\n\t\t\t<img loading=\"lazy\" decoding=\"async\" width=\"886\" height=\"590\" src=\"https:\/\/maspepito.com\/wp-content\/uploads\/2023\/07\/taller_007.jpg\" class=\"attachment-full size-full wp-image-1073\" alt=\"\" srcset=\"https:\/\/maspepito.com\/wp-content\/uploads\/2023\/07\/taller_007.jpg 886w, https:\/\/maspepito.com\/wp-content\/uploads\/2023\/07\/taller_007-300x200.jpg 300w, https:\/\/maspepito.com\/wp-content\/uploads\/2023\/07\/taller_007-768x511.jpg 768w, https:\/\/maspepito.com\/wp-content\/uploads\/2023\/07\/taller_007-600x400.jpg 600w\" sizes=\"(max-width: 886px) 100vw, 886px\" \/>\t\t<\/div>\n\t\t\t\t<div class=\"elementor-portfolio-item__overlay\">\n\t\t\t\t<h3 class=\"elementor-portfolio-item__title\">\n\t\tEl taller las porqueras\t\t<\/h3>\n\t\t\t\t<\/div>\n\t\t\t\t<\/a>\n\t\t<\/article>\n\t\t\t\t<\/div>\n\t\t\t\t<\/div>\n\t\t\t\t<\/div>\n\t\t\t\t\t<\/div>\n\t\t<\/div>\n\t\t\t\t\t<\/div>\n\t\t<\/section>\n\t\t\t\t<section class=\"elementor-section elementor-top-section elementor-element elementor-element-0bd467c elementor-section-boxed elementor-section-height-default elementor-section-height-default\" data-id=\"0bd467c\" data-element_type=\"section\" data-settings=\"{&quot;background_background&quot;:&quot;classic&quot;}\">\n\t\t\t\t\t\t<div class=\"elementor-container elementor-column-gap-default\">\n\t\t\t\t\t<div class=\"elementor-column elementor-col-100 elementor-top-column elementor-element elementor-element-ddc34e3\" data-id=\"ddc34e3\" data-element_type=\"column\" data-settings=\"{&quot;background_background&quot;:&quot;classic&quot;}\">\n\t\t\t<div class=\"elementor-widget-wrap elementor-element-populated\">\n\t\t\t\t\t\t<div class=\"elementor-element elementor-element-fedfe0e elementor-widget elementor-widget-heading\" data-id=\"fedfe0e\" data-element_type=\"widget\" data-widget_type=\"heading.default\">\n\t\t\t\t<div class=\"elementor-widget-container\">\n\t\t\t<style>\/*! elementor - v3.19.0 - 07-02-2024 *\/\n.elementor-heading-title{padding:0;margin:0;line-height:1}.elementor-widget-heading .elementor-heading-title[class*=elementor-size-]>a{color:inherit;font-size:inherit;line-height:inherit}.elementor-widget-heading .elementor-heading-title.elementor-size-small{font-size:15px}.elementor-widget-heading .elementor-heading-title.elementor-size-medium{font-size:19px}.elementor-widget-heading .elementor-heading-title.elementor-size-large{font-size:29px}.elementor-widget-heading .elementor-heading-title.elementor-size-xl{font-size:39px}.elementor-widget-heading .elementor-heading-title.elementor-size-xxl{font-size:59px}<\/style><h1 class=\"elementor-heading-title elementor-size-default\"><a href=\"https:\/\/maspepito.com\/en\/galeria\/\">Ver toda la galer\u00eda<\/a><\/h1>\t\t<\/div>\n\t\t\t\t<\/div>\n\t\t\t\t\t<\/div>\n\t\t<\/div>\n\t\t\t\t\t<\/div>\n\t\t<\/section>\n\t\t\t\t<\/div>","protected":false},"excerpt":{"rendered":"<p>Ver toda la galer\u00eda<\/p>","protected":false},"author":2,"featured_media":0,"parent":0,"menu_order":0,"comment_status":"closed","ping_status":"closed","template":"","meta":{"site-sidebar-layout":"no-sidebar","site-content-layout":"page-builder","ast-global-header-display":"","ast-banner-title-visibility":"","ast-main-header-display":"","ast-hfb-above-header-display":"","ast-hfb-below-header-display":"","ast-hfb-mobile-header-display":"","site-post-title":"disabled","ast-breadcrumbs-content":"","ast-featured-img":"disabled","footer-sml-layout":"","theme-transparent-header-meta":"default","adv-header-id-meta":"","stick-header-meta":"","header-above-stick-meta":"","header-main-stick-meta":"","header-below-stick-meta":"","_joinchat":[]},"yoast_head":"<!-- This site is optimized with the Yoast SEO plugin v21.7 - https:\/\/yoast.com\/wordpress\/plugins\/seo\/ -->\n<title>Espacios - M\u00e1s Pepito<\/title>\n<meta name=\"robots\" content=\"index, follow, max-snippet:-1, max-image-preview:large, max-video-preview:-1\" \/>\n<link rel=\"canonical\" href=\"https:\/\/maspepito.com\/en\/espacios\/\" \/>\n<meta property=\"og:locale\" content=\"en_US\" \/>\n<meta property=\"og:type\" content=\"article\" \/>\n<meta property=\"og:title\" content=\"Espacios - M\u00e1s Pepito\" \/>\n<meta property=\"og:description\" content=\"Ver toda la galer\u00eda\" \/>\n<meta property=\"og:url\" content=\"https:\/\/maspepito.com\/en\/espacios\/\" \/>\n<meta property=\"og:site_name\" content=\"M\u00e1s Pepito\" \/>\n<meta property=\"article:modified_time\" content=\"2023-07-21T06:56:40+00:00\" \/>\n<meta name=\"twitter:card\" content=\"summary_large_image\" \/>\n<meta name=\"twitter:label1\" content=\"Est. reading time\" \/>\n\t<meta name=\"twitter:data1\" content=\"2 minutes\" \/>\n<script type=\"application\/ld+json\" class=\"yoast-schema-graph\">{\"@context\":\"https:\/\/schema.org\",\"@graph\":[{\"@type\":\"WebPage\",\"@id\":\"https:\/\/maspepito.com\/espacios\/\",\"url\":\"https:\/\/maspepito.com\/espacios\/\",\"name\":\"Espacios - M\u00e1s Pepito\",\"isPartOf\":{\"@id\":\"https:\/\/maspepito.com\/#website\"},\"datePublished\":\"2020-08-10T07:47:13+00:00\",\"dateModified\":\"2023-07-21T06:56:40+00:00\",\"breadcrumb\":{\"@id\":\"https:\/\/maspepito.com\/espacios\/#breadcrumb\"},\"inLanguage\":\"en-US\",\"potentialAction\":[{\"@type\":\"ReadAction\",\"target\":[\"https:\/\/maspepito.com\/espacios\/\"]}]},{\"@type\":\"BreadcrumbList\",\"@id\":\"https:\/\/maspepito.com\/espacios\/#breadcrumb\",\"itemListElement\":[{\"@type\":\"ListItem\",\"position\":1,\"name\":\"Portada\",\"item\":\"https:\/\/maspepito.com\/\"},{\"@type\":\"ListItem\",\"position\":2,\"name\":\"Espacios\"}]},{\"@type\":\"WebSite\",\"@id\":\"https:\/\/maspepito.com\/#website\",\"url\":\"https:\/\/maspepito.com\/\",\"name\":\"M\u00e1s Pepito\",\"description\":\"Espacios \u00fanicos para experiencias incre\u00edbles.\",\"publisher\":{\"@id\":\"https:\/\/maspepito.com\/#organization\"},\"potentialAction\":[{\"@type\":\"SearchAction\",\"target\":{\"@type\":\"EntryPoint\",\"urlTemplate\":\"https:\/\/maspepito.com\/?s={search_term_string}\"},\"query-input\":\"required name=search_term_string\"}],\"inLanguage\":\"en-US\"},{\"@type\":\"Organization\",\"@id\":\"https:\/\/maspepito.com\/#organization\",\"name\":\"M\u00e1s Pepito\",\"url\":\"https:\/\/maspepito.com\/\",\"logo\":{\"@type\":\"ImageObject\",\"inLanguage\":\"en-US\",\"@id\":\"https:\/\/maspepito.com\/#\/schema\/logo\/image\/\",\"url\":\"https:\/\/maspepito.com\/wp-content\/uploads\/2023\/07\/logo-maspepito-negro-e1688626807851.png\",\"contentUrl\":\"https:\/\/maspepito.com\/wp-content\/uploads\/2023\/07\/logo-maspepito-negro-e1688626807851.png\",\"width\":382,\"height\":102,\"caption\":\"M\u00e1s Pepito\"},\"image\":{\"@id\":\"https:\/\/maspepito.com\/#\/schema\/logo\/image\/\"}}]}<\/script>\n<!-- \/ Yoast SEO plugin. -->","yoast_head_json":{"title":"Espacios - M\u00e1s Pepito","robots":{"index":"index","follow":"follow","max-snippet":"max-snippet:-1","max-image-preview":"max-image-preview:large","max-video-preview":"max-video-preview:-1"},"canonical":"https:\/\/maspepito.com\/en\/espacios\/","og_locale":"en_US","og_type":"article","og_title":"Espacios - M\u00e1s Pepito","og_description":"Ver toda la galer\u00eda","og_url":"https:\/\/maspepito.com\/en\/espacios\/","og_site_name":"M\u00e1s Pepito","article_modified_time":"2023-07-21T06:56:40+00:00","twitter_card":"summary_large_image","twitter_misc":{"Est. reading time":"2 minutes"},"schema":{"@context":"https:\/\/schema.org","@graph":[{"@type":"WebPage","@id":"https:\/\/maspepito.com\/espacios\/","url":"https:\/\/maspepito.com\/espacios\/","name":"Espacios - M\u00e1s Pepito","isPartOf":{"@id":"https:\/\/maspepito.com\/#website"},"datePublished":"2020-08-10T07:47:13+00:00","dateModified":"2023-07-21T06:56:40+00:00","breadcrumb":{"@id":"https:\/\/maspepito.com\/espacios\/#breadcrumb"},"inLanguage":"en-US","potentialAction":[{"@type":"ReadAction","target":["https:\/\/maspepito.com\/espacios\/"]}]},{"@type":"BreadcrumbList","@id":"https:\/\/maspepito.com\/espacios\/#breadcrumb","itemListElement":[{"@type":"ListItem","position":1,"name":"Portada","item":"https:\/\/maspepito.com\/"},{"@type":"ListItem","position":2,"name":"Espacios"}]},{"@type":"WebSite","@id":"https:\/\/maspepito.com\/#website","url":"https:\/\/maspepito.com\/","name":"M\u00e1s Pepito","description":"Espacios \u00fanicos para experiencias incre\u00edbles.","publisher":{"@id":"https:\/\/maspepito.com\/#organization"},"potentialAction":[{"@type":"SearchAction","target":{"@type":"EntryPoint","urlTemplate":"https:\/\/maspepito.com\/?s={search_term_string}"},"query-input":"required name=search_term_string"}],"inLanguage":"en-US"},{"@type":"Organization","@id":"https:\/\/maspepito.com\/#organization","name":"M\u00e1s Pepito","url":"https:\/\/maspepito.com\/","logo":{"@type":"ImageObject","inLanguage":"en-US","@id":"https:\/\/maspepito.com\/#\/schema\/logo\/image\/","url":"https:\/\/maspepito.com\/wp-content\/uploads\/2023\/07\/logo-maspepito-negro-e1688626807851.png","contentUrl":"https:\/\/maspepito.com\/wp-content\/uploads\/2023\/07\/logo-maspepito-negro-e1688626807851.png","width":382,"height":102,"caption":"M\u00e1s Pepito"},"image":{"@id":"https:\/\/maspepito.com\/#\/schema\/logo\/image\/"}}]}},"_links":{"self":[{"href":"https:\/\/maspepito.com\/en\/wp-json\/wp\/v2\/pages\/133"}],"collection":[{"href":"https:\/\/maspepito.com\/en\/wp-json\/wp\/v2\/pages"}],"about":[{"href":"https:\/\/maspepito.com\/en\/wp-json\/wp\/v2\/types\/page"}],"author":[{"embeddable":true,"href":"https:\/\/maspepito.com\/en\/wp-json\/wp\/v2\/users\/2"}],"replies":[{"embeddable":true,"href":"https:\/\/maspepito.com\/en\/wp-json\/wp\/v2\/comments?post=133"}],"version-history":[{"count":38,"href":"https:\/\/maspepito.com\/en\/wp-json\/wp\/v2\/pages\/133\/revisions"}],"predecessor-version":[{"id":1531,"href":"https:\/\/maspepito.com\/en\/wp-json\/wp\/v2\/pages\/133\/revisions\/1531"}],"wp:attachment":[{"href":"https:\/\/maspepito.com\/en\/wp-json\/wp\/v2\/media?parent=133"}],"curies":[{"name":"wp","href":"https:\/\/api.w.org\/{rel}","templated":true}]}}