{"id":1240,"date":"2023-07-10T15:52:12","date_gmt":"2023-07-10T13:52:12","guid":{"rendered":"https:\/\/maspepito.com\/?page_id=1240"},"modified":"2024-06-13T10:43:34","modified_gmt":"2024-06-13T08:43:34","slug":"experiencias-y-talleres-artesania","status":"publish","type":"page","link":"https:\/\/maspepito.com\/en\/experiencias-y-talleres-artesania\/","title":{"rendered":"Experiencias y talleres"},"content":{"rendered":"<div data-elementor-type=\"wp-page\" data-elementor-id=\"1240\" class=\"elementor elementor-1240\" data-elementor-post-type=\"page\">\n\t\t\t\t\t\t<section class=\"elementor-section elementor-top-section elementor-element elementor-element-ba81c39 elementor-section-boxed elementor-section-height-default elementor-section-height-default\" data-id=\"ba81c39\" data-element_type=\"section\" data-settings=\"{&quot;background_background&quot;:&quot;classic&quot;}\">\n\t\t\t\t\t\t\t<div class=\"elementor-background-overlay\"><\/div>\n\t\t\t\t\t\t\t<div class=\"elementor-container elementor-column-gap-no\">\n\t\t\t\t\t<div class=\"elementor-column elementor-col-100 elementor-top-column elementor-element elementor-element-6e506a6\" data-id=\"6e506a6\" data-element_type=\"column\" data-settings=\"{&quot;background_background&quot;:&quot;classic&quot;}\">\n\t\t\t<div class=\"elementor-widget-wrap elementor-element-populated\">\n\t\t\t\t\t\t<div class=\"elementor-element elementor-element-4211979 elementor-widget elementor-widget-heading\" data-id=\"4211979\" data-element_type=\"widget\" data-widget_type=\"heading.default\">\n\t\t\t\t<div class=\"elementor-widget-container\">\n\t\t\t<style>\/*! elementor - v3.19.0 - 07-02-2024 *\/\n.elementor-heading-title{padding:0;margin:0;line-height:1}.elementor-widget-heading .elementor-heading-title[class*=elementor-size-]>a{color:inherit;font-size:inherit;line-height:inherit}.elementor-widget-heading .elementor-heading-title.elementor-size-small{font-size:15px}.elementor-widget-heading .elementor-heading-title.elementor-size-medium{font-size:19px}.elementor-widget-heading .elementor-heading-title.elementor-size-large{font-size:29px}.elementor-widget-heading .elementor-heading-title.elementor-size-xl{font-size:39px}.elementor-widget-heading .elementor-heading-title.elementor-size-xxl{font-size:59px}<\/style><h1 class=\"elementor-heading-title elementor-size-default\">\u00a8Las Porqueras\u00a8 un entorno inspirador en el Empord\u00e0<\/h1>\t\t<\/div>\n\t\t\t\t<\/div>\n\t\t\t\t<div class=\"elementor-element elementor-element-c6321af cajadescroll elementor-widget elementor-widget-text-editor\" data-id=\"c6321af\" data-element_type=\"widget\" data-widget_type=\"text-editor.default\">\n\t\t\t\t<div class=\"elementor-widget-container\">\n\t\t\t<style>\/*! elementor - v3.19.0 - 07-02-2024 *\/\n.elementor-widget-text-editor.elementor-drop-cap-view-stacked .elementor-drop-cap{background-color:#69727d;color:#fff}.elementor-widget-text-editor.elementor-drop-cap-view-framed .elementor-drop-cap{color:#69727d;border:3px solid;background-color:transparent}.elementor-widget-text-editor:not(.elementor-drop-cap-view-default) .elementor-drop-cap{margin-top:8px}.elementor-widget-text-editor:not(.elementor-drop-cap-view-default) .elementor-drop-cap-letter{width:1em;height:1em}.elementor-widget-text-editor .elementor-drop-cap{float:left;text-align:center;line-height:1;font-size:50px}.elementor-widget-text-editor .elementor-drop-cap-letter{display:inline-block}<\/style>\t\t\t\t<p>En \u00abLas Porqueras\u00bb exploramos nuestras pasiones: cer\u00e1mica, artes florales, decoraci\u00f3n, pintura y cocina. Este antiguo hogar de animales, ahora rodeado de naturaleza, se ha transformado en un estudio donde la creatividad fluye libremente.<\/p><p>Queremos compartir este espacio con artesanos, artistas y amantes de la naturaleza del Empord\u00e0. Creemos que la colaboraci\u00f3n y el intercambio de ideas son vitales para el crecimiento art\u00edstico. Valoramos la diversidad y aspiramos a construir una comunidad vibrante donde cada perspectiva enriquezca al grupo. Cada d\u00eda en \u00abLas Porqueras\u00bb es una oportunidad para aprender y desafiar nuestros l\u00edmites.<\/p><p><em>\u201cEl Empord\u00e0 es mi inspiraci\u00f3n, un lugar donde los campos se fusionan con el cielo y la imaginaci\u00f3n fluye sin l\u00edmites.\u201d \u2013 Salvador Dal\u00ed<\/em><\/p>\t\t\t\t\t\t<\/div>\n\t\t\t\t<\/div>\n\t\t\t\t\t<\/div>\n\t\t<\/div>\n\t\t\t\t\t<\/div>\n\t\t<\/section>\n\t\t\t\t<\/div>","protected":false},"excerpt":{"rendered":"<p>\u00a8Las Porqueras\u00a8 un entorno inspirador en el Empord\u00e0 En \u00abLas Porqueras\u00bb exploramos nuestras pasiones: cer\u00e1mica, artes florales, decoraci\u00f3n, pintura y cocina. Este antiguo hogar de animales, ahora rodeado de naturaleza, se ha transformado en un estudio donde la creatividad fluye libremente. Queremos compartir este espacio con artesanos, artistas y amantes de la naturaleza del Empord\u00e0. &hellip;<\/p>\n<p class=\"read-more\"> <a class=\"\" href=\"https:\/\/maspepito.com\/en\/experiencias-y-talleres-artesania\/\"> <span class=\"screen-reader-text\">Experiencias y talleres<\/span> Read More &raquo;<\/a><\/p>","protected":false},"author":2,"featured_media":1466,"parent":0,"menu_order":0,"comment_status":"closed","ping_status":"closed","template":"","meta":{"site-sidebar-layout":"no-sidebar","site-content-layout":"page-builder","ast-global-header-display":"","ast-banner-title-visibility":"","ast-main-header-display":"","ast-hfb-above-header-display":"","ast-hfb-below-header-display":"","ast-hfb-mobile-header-display":"","site-post-title":"disabled","ast-breadcrumbs-content":"","ast-featured-img":"disabled","footer-sml-layout":"","theme-transparent-header-meta":"default","adv-header-id-meta":"","stick-header-meta":"","header-above-stick-meta":"","header-main-stick-meta":"","header-below-stick-meta":"","_joinchat":[]},"yoast_head":"<!-- This site is optimized with the Yoast SEO plugin v21.7 - https:\/\/yoast.com\/wordpress\/plugins\/seo\/ -->\n<title>Experiencias y talleres de artesan\u00eda - M\u00e1s Pepito<\/title>\n<meta name=\"description\" content=\"El proyecto se enfoca en crear un espacio donde podamos desarrollar pasiones sin l\u00edmites, desde experiencias hasta talleres de artesan\u00eda.\" \/>\n<meta name=\"robots\" content=\"index, follow, max-snippet:-1, max-image-preview:large, max-video-preview:-1\" \/>\n<link rel=\"canonical\" href=\"https:\/\/maspepito.com\/en\/experiencias-y-talleres-artesania\/\" \/>\n<meta property=\"og:locale\" content=\"en_US\" \/>\n<meta property=\"og:type\" content=\"article\" \/>\n<meta property=\"og:title\" content=\"Experiencias y talleres de artesan\u00eda - M\u00e1s Pepito\" \/>\n<meta property=\"og:description\" content=\"El proyecto se enfoca en crear un espacio donde podamos desarrollar pasiones sin l\u00edmites, desde experiencias hasta talleres de artesan\u00eda.\" \/>\n<meta property=\"og:url\" content=\"https:\/\/maspepito.com\/en\/experiencias-y-talleres-artesania\/\" \/>\n<meta property=\"og:site_name\" content=\"M\u00e1s Pepito\" \/>\n<meta property=\"article:modified_time\" content=\"2024-06-13T08:43:34+00:00\" \/>\n<meta property=\"og:image\" content=\"https:\/\/maspepito.com\/wp-content\/uploads\/2023\/07\/fondos-etalles_05_004-copia-1.jpg\" \/>\n\t<meta property=\"og:image:width\" content=\"1772\" \/>\n\t<meta property=\"og:image:height\" content=\"1179\" \/>\n\t<meta property=\"og:image:type\" content=\"image\/jpeg\" \/>\n<meta name=\"twitter:card\" content=\"summary_large_image\" \/>\n<meta name=\"twitter:label1\" content=\"Est. reading time\" \/>\n\t<meta name=\"twitter:data1\" content=\"1 minute\" \/>\n<script type=\"application\/ld+json\" class=\"yoast-schema-graph\">{\"@context\":\"https:\/\/schema.org\",\"@graph\":[{\"@type\":\"WebPage\",\"@id\":\"https:\/\/maspepito.com\/experiencias-y-talleres-artesania\/\",\"url\":\"https:\/\/maspepito.com\/experiencias-y-talleres-artesania\/\",\"name\":\"Experiencias y talleres de artesan\u00eda - M\u00e1s Pepito\",\"isPartOf\":{\"@id\":\"https:\/\/maspepito.com\/#website\"},\"datePublished\":\"2023-07-10T13:52:12+00:00\",\"dateModified\":\"2024-06-13T08:43:34+00:00\",\"description\":\"El proyecto se enfoca en crear un espacio donde podamos desarrollar pasiones sin l\u00edmites, desde experiencias hasta talleres de artesan\u00eda.\",\"breadcrumb\":{\"@id\":\"https:\/\/maspepito.com\/experiencias-y-talleres-artesania\/#breadcrumb\"},\"inLanguage\":\"en-US\",\"potentialAction\":[{\"@type\":\"ReadAction\",\"target\":[\"https:\/\/maspepito.com\/experiencias-y-talleres-artesania\/\"]}]},{\"@type\":\"BreadcrumbList\",\"@id\":\"https:\/\/maspepito.com\/experiencias-y-talleres-artesania\/#breadcrumb\",\"itemListElement\":[{\"@type\":\"ListItem\",\"position\":1,\"name\":\"Portada\",\"item\":\"https:\/\/maspepito.com\/\"},{\"@type\":\"ListItem\",\"position\":2,\"name\":\"Experiencias y talleres\"}]},{\"@type\":\"WebSite\",\"@id\":\"https:\/\/maspepito.com\/#website\",\"url\":\"https:\/\/maspepito.com\/\",\"name\":\"M\u00e1s Pepito\",\"description\":\"Espacios \u00fanicos para experiencias incre\u00edbles.\",\"publisher\":{\"@id\":\"https:\/\/maspepito.com\/#organization\"},\"potentialAction\":[{\"@type\":\"SearchAction\",\"target\":{\"@type\":\"EntryPoint\",\"urlTemplate\":\"https:\/\/maspepito.com\/?s={search_term_string}\"},\"query-input\":\"required name=search_term_string\"}],\"inLanguage\":\"en-US\"},{\"@type\":\"Organization\",\"@id\":\"https:\/\/maspepito.com\/#organization\",\"name\":\"M\u00e1s Pepito\",\"url\":\"https:\/\/maspepito.com\/\",\"logo\":{\"@type\":\"ImageObject\",\"inLanguage\":\"en-US\",\"@id\":\"https:\/\/maspepito.com\/#\/schema\/logo\/image\/\",\"url\":\"https:\/\/maspepito.com\/wp-content\/uploads\/2023\/07\/logo-maspepito-negro-e1688626807851.png\",\"contentUrl\":\"https:\/\/maspepito.com\/wp-content\/uploads\/2023\/07\/logo-maspepito-negro-e1688626807851.png\",\"width\":382,\"height\":102,\"caption\":\"M\u00e1s Pepito\"},\"image\":{\"@id\":\"https:\/\/maspepito.com\/#\/schema\/logo\/image\/\"}}]}<\/script>\n<!-- \/ Yoast SEO plugin. -->","yoast_head_json":{"title":"Experiencias y talleres de artesan\u00eda - M\u00e1s Pepito","description":"El proyecto se enfoca en crear un espacio donde podamos desarrollar pasiones sin l\u00edmites, desde experiencias hasta talleres de artesan\u00eda.","robots":{"index":"index","follow":"follow","max-snippet":"max-snippet:-1","max-image-preview":"max-image-preview:large","max-video-preview":"max-video-preview:-1"},"canonical":"https:\/\/maspepito.com\/en\/experiencias-y-talleres-artesania\/","og_locale":"en_US","og_type":"article","og_title":"Experiencias y talleres de artesan\u00eda - M\u00e1s Pepito","og_description":"El proyecto se enfoca en crear un espacio donde podamos desarrollar pasiones sin l\u00edmites, desde experiencias hasta talleres de artesan\u00eda.","og_url":"https:\/\/maspepito.com\/en\/experiencias-y-talleres-artesania\/","og_site_name":"M\u00e1s Pepito","article_modified_time":"2024-06-13T08:43:34+00:00","og_image":[{"width":1772,"height":1179,"url":"https:\/\/maspepito.com\/wp-content\/uploads\/2023\/07\/fondos-etalles_05_004-copia-1.jpg","type":"image\/jpeg"}],"twitter_card":"summary_large_image","twitter_misc":{"Est. reading time":"1 minute"},"schema":{"@context":"https:\/\/schema.org","@graph":[{"@type":"WebPage","@id":"https:\/\/maspepito.com\/experiencias-y-talleres-artesania\/","url":"https:\/\/maspepito.com\/experiencias-y-talleres-artesania\/","name":"Experiencias y talleres de artesan\u00eda - M\u00e1s Pepito","isPartOf":{"@id":"https:\/\/maspepito.com\/#website"},"datePublished":"2023-07-10T13:52:12+00:00","dateModified":"2024-06-13T08:43:34+00:00","description":"El proyecto se enfoca en crear un espacio donde podamos desarrollar pasiones sin l\u00edmites, desde experiencias hasta talleres de artesan\u00eda.","breadcrumb":{"@id":"https:\/\/maspepito.com\/experiencias-y-talleres-artesania\/#breadcrumb"},"inLanguage":"en-US","potentialAction":[{"@type":"ReadAction","target":["https:\/\/maspepito.com\/experiencias-y-talleres-artesania\/"]}]},{"@type":"BreadcrumbList","@id":"https:\/\/maspepito.com\/experiencias-y-talleres-artesania\/#breadcrumb","itemListElement":[{"@type":"ListItem","position":1,"name":"Portada","item":"https:\/\/maspepito.com\/"},{"@type":"ListItem","position":2,"name":"Experiencias y talleres"}]},{"@type":"WebSite","@id":"https:\/\/maspepito.com\/#website","url":"https:\/\/maspepito.com\/","name":"M\u00e1s Pepito","description":"Espacios \u00fanicos para experiencias incre\u00edbles.","publisher":{"@id":"https:\/\/maspepito.com\/#organization"},"potentialAction":[{"@type":"SearchAction","target":{"@type":"EntryPoint","urlTemplate":"https:\/\/maspepito.com\/?s={search_term_string}"},"query-input":"required name=search_term_string"}],"inLanguage":"en-US"},{"@type":"Organization","@id":"https:\/\/maspepito.com\/#organization","name":"M\u00e1s Pepito","url":"https:\/\/maspepito.com\/","logo":{"@type":"ImageObject","inLanguage":"en-US","@id":"https:\/\/maspepito.com\/#\/schema\/logo\/image\/","url":"https:\/\/maspepito.com\/wp-content\/uploads\/2023\/07\/logo-maspepito-negro-e1688626807851.png","contentUrl":"https:\/\/maspepito.com\/wp-content\/uploads\/2023\/07\/logo-maspepito-negro-e1688626807851.png","width":382,"height":102,"caption":"M\u00e1s Pepito"},"image":{"@id":"https:\/\/maspepito.com\/#\/schema\/logo\/image\/"}}]}},"_links":{"self":[{"href":"https:\/\/maspepito.com\/en\/wp-json\/wp\/v2\/pages\/1240"}],"collection":[{"href":"https:\/\/maspepito.com\/en\/wp-json\/wp\/v2\/pages"}],"about":[{"href":"https:\/\/maspepito.com\/en\/wp-json\/wp\/v2\/types\/page"}],"author":[{"embeddable":true,"href":"https:\/\/maspepito.com\/en\/wp-json\/wp\/v2\/users\/2"}],"replies":[{"embeddable":true,"href":"https:\/\/maspepito.com\/en\/wp-json\/wp\/v2\/comments?post=1240"}],"version-history":[{"count":58,"href":"https:\/\/maspepito.com\/en\/wp-json\/wp\/v2\/pages\/1240\/revisions"}],"predecessor-version":[{"id":1792,"href":"https:\/\/maspepito.com\/en\/wp-json\/wp\/v2\/pages\/1240\/revisions\/1792"}],"wp:featuredmedia":[{"embeddable":true,"href":"https:\/\/maspepito.com\/en\/wp-json\/wp\/v2\/media\/1466"}],"wp:attachment":[{"href":"https:\/\/maspepito.com\/en\/wp-json\/wp\/v2\/media?parent=1240"}],"curies":[{"name":"wp","href":"https:\/\/api.w.org\/{rel}","templated":true}]}}